{"id":914,"date":"2025-08-26T18:29:38","date_gmt":"2025-08-26T16:29:38","guid":{"rendered":"https:\/\/annasascha-inklusionshotel.de\/large-tower-suite-4-6-persons\/"},"modified":"2025-12-03T11:04:02","modified_gmt":"2025-12-03T10:04:02","slug":"large-tower-suite-4-6-persons","status":"publish","type":"page","link":"https:\/\/annasascha-inklusionshotel.de\/en\/large-tower-suite-4-6-persons\/","title":{"rendered":"Large tower suite (4-6 persons)"},"content":{"rendered":"\n<p>The 65 m\u00b2 maisonette in the semi-circular tower with 2 bedrooms offers space for up to 6 people. On the lower level there is a spacious kitchen and living area with a kitchenette. There is a fridge, induction hob, sink, kettle and kitchen utensils, as well as a large table with seating, a chest of drawers and a wardrobe. In the separate bedroom with double bed 180 x 200 cm and bedside tables, there is also a desk and a luggage rack.    A cot can be added without any problems. The 10 m\u00b2 bathroom has a double washbasin, vanity unit and a walk-in shower. The top of the historic fortified tower can be reached via a staircase. The &#8220;Kaiserstuhl&#8221; is visible here, which ensures the suspension of the tower roof. A 160 x 200 cm double bed with bedside table and a sofa bed (180 x 200 cm) provide sleeping space for up to 4 people. A desk and a luggage rack complete this tower room. There is also a separate small bathroom with WC and washbasin.     &nbsp;<\/p>\n\n\n\n<p>Special features: The upper tower room is only accessible via the stairs and does not have its own access. There are sloping ceilings here. There is a single pillar in the lower living area.  &nbsp;<\/p>\n\n\n\n<div class=\"zimmer-details flex flex-wrap gap-6 items-center text-gray-700 text-sm\">\n<!-- Load the DIRS21 Script -->\n<script src=\"https:\/\/js-sdk.dirs21.de\/3502956a-146e-4be9-bd86-b9e0835231e9\" async=\"\"><\/script>\n<div>\n<a href=\"#\" class=\"d21-trigger-ibe text-blue-600 hover:underline mt-2\" data-d21=\"{'products': ['beb7a42f-34aa-7023-ef0f-67fb5a6790bb']}\">Book Now \u2192<\/a>\n<\/div>\n  <div class=\"flex items-center gap-2\"><i data-lucide=\"ruler\"><\/i><span>65 m\u00b2 (+10 m\u00b2 bathroom + small bathroom)<\/span><\/div>\n  <div class=\"flex items-center gap-2\"><i data-lucide=\"bed\"><\/i><span>Double bed 180\u00d7200, double bed 160\u00d7200, sofa bed 180\u00d7200, crib possible<\/span><\/div>\n  <div class=\"flex items-center gap-2\"><i data-lucide=\"utensils\"><\/i><span>Kitchenette (hob, fridge, sink)<\/span><\/div>\n  <div class=\"flex items-center gap-2\"><i data-lucide=\"shower-head\"><\/i><span>10 m\u00b2, flush with the floor, + small bathroom<\/span><\/div>\n  <div class=\"flex items-center gap-2\"><i data-lucide=\"building\"><\/i><span>Maisonette in the tower, pitched roof, upper level by stairs only<\/span><\/div>\n<\/div>\n\n\n\n<div class=\"alignnormal\"><div id=\"metaslider-id-506\" style=\"width: 100%;\" class=\"ml-slider-3-109-0 metaslider metaslider-flex metaslider-506 ml-slider ml-slider-lightbox-2-23-0 lightbox-disabled ms-theme-default-base nav-hidden\" role=\"region\" aria-label=\"New Slideshow\" data-height=\"400\" data-width=\"700\">\n    <div id=\"metaslider_container_506\">\n        <div id=\"metaslider_506\">\n            <ul aria-live='off' class='slides'>\n                <li style=\"display: block; width: 100%;\" class=\"slide-856 ms-image \" aria-roledescription=\"slide\" data-date=\"2025-11-19 09:52:48\" data-filename=\"Grosse-Turmsuite-01-700x400.jpg\" data-slide-type=\"image\"><img loading=\"lazy\" decoding=\"async\" src=\"https:\/\/annasascha-inklusionshotel.de\/wp-content\/uploads\/2025\/11\/Grosse-Turmsuite-01-700x400.jpg\" height=\"400\" width=\"700\" alt=\"\" class=\"slider-506 slide-856 msDefaultImage\" title=\"Grosse Turmsuite 01\" \/><\/li>\n                <li style=\"display: none; width: 100%;\" class=\"slide-857 ms-image \" aria-roledescription=\"slide\" data-date=\"2025-11-19 09:52:51\" data-filename=\"Grosse-Turmsuite-02-Kuechenzeile-700x400.jpg\" data-slide-type=\"image\"><img loading=\"lazy\" decoding=\"async\" src=\"https:\/\/annasascha-inklusionshotel.de\/wp-content\/uploads\/2025\/11\/Grosse-Turmsuite-02-Kuechenzeile-700x400.jpg\" height=\"400\" width=\"700\" alt=\"\" class=\"slider-506 slide-857 msDefaultImage\" title=\"Grosse Turmsuite 02 K\u00fcchenzeile\" \/><\/li>\n                <li style=\"display: none; width: 100%;\" class=\"slide-858 ms-image \" aria-roledescription=\"slide\" data-date=\"2025-11-19 09:52:52\" data-filename=\"Grosse-Turmsuite-03-zweiter-Raum-mit-Bett-700x400.jpg\" data-slide-type=\"image\"><img loading=\"lazy\" decoding=\"async\" src=\"https:\/\/annasascha-inklusionshotel.de\/wp-content\/uploads\/2025\/11\/Grosse-Turmsuite-03-zweiter-Raum-mit-Bett-700x400.jpg\" height=\"400\" width=\"700\" alt=\"\" class=\"slider-506 slide-858 msDefaultImage\" title=\"Grosse Turmsuite 03 zweiter Raum mit Bett\" \/><\/li>\n                <li style=\"display: none; width: 100%;\" class=\"slide-859 ms-image \" aria-roledescription=\"slide\" data-date=\"2025-11-19 09:52:53\" data-filename=\"Grosse-Turmsuite-04-zweiter-Raum-700x400.jpg\" data-slide-type=\"image\"><img loading=\"lazy\" decoding=\"async\" src=\"https:\/\/annasascha-inklusionshotel.de\/wp-content\/uploads\/2025\/11\/Grosse-Turmsuite-04-zweiter-Raum-700x400.jpg\" height=\"400\" width=\"700\" alt=\"\" class=\"slider-506 slide-859 msDefaultImage\" title=\"Grosse Turmsuite 04 zweiter Raum\" \/><\/li>\n                <li style=\"display: none; width: 100%;\" class=\"slide-860 ms-image \" aria-roledescription=\"slide\" data-date=\"2025-11-19 09:52:54\" data-filename=\"Grosse-Turmsuite-05-obere-Ebene-mit-Bett-700x400.jpg\" data-slide-type=\"image\"><img loading=\"lazy\" decoding=\"async\" src=\"https:\/\/annasascha-inklusionshotel.de\/wp-content\/uploads\/2025\/11\/Grosse-Turmsuite-05-obere-Ebene-mit-Bett-700x400.jpg\" height=\"400\" width=\"700\" alt=\"\" class=\"slider-506 slide-860 msDefaultImage\" title=\"Grosse Turmsuite 05 obere Ebene mit Bett\" \/><\/li>\n                <li style=\"display: none; width: 100%;\" class=\"slide-861 ms-image \" aria-roledescription=\"slide\" data-date=\"2025-11-19 09:52:55\" data-filename=\"Grosse-Turmsuite-06-obere-Ebene-mit-Sofa-700x400.jpg\" data-slide-type=\"image\"><img loading=\"lazy\" decoding=\"async\" src=\"https:\/\/annasascha-inklusionshotel.de\/wp-content\/uploads\/2025\/11\/Grosse-Turmsuite-06-obere-Ebene-mit-Sofa-700x400.jpg\" height=\"400\" width=\"700\" alt=\"\" class=\"slider-506 slide-861 msDefaultImage\" title=\"Grosse Turmsuite 06 obere Ebene mit Sofa\" \/><\/li>\n                <li style=\"display: none; width: 100%;\" class=\"slide-862 ms-image \" aria-roledescription=\"slide\" data-date=\"2025-11-19 09:53:05\" data-filename=\"Grosse-Turmsuite-07-Bad-mit-Dusche-700x400.jpg\" data-slide-type=\"image\"><img loading=\"lazy\" decoding=\"async\" src=\"https:\/\/annasascha-inklusionshotel.de\/wp-content\/uploads\/2025\/11\/Grosse-Turmsuite-07-Bad-mit-Dusche-700x400.jpg\" height=\"400\" width=\"700\" alt=\"\" class=\"slider-506 slide-862 msDefaultImage\" title=\"Grosse Turmsuite 07 Bad mit Dusche\" \/><\/li>\n                <li style=\"display: none; width: 100%;\" class=\"slide-863 ms-image \" aria-roledescription=\"slide\" data-date=\"2025-11-19 09:53:16\" data-filename=\"Grosse-Turmsuite-08-Bad-mit-Waschbecken-700x400.jpg\" data-slide-type=\"image\"><img loading=\"lazy\" decoding=\"async\" src=\"https:\/\/annasascha-inklusionshotel.de\/wp-content\/uploads\/2025\/11\/Grosse-Turmsuite-08-Bad-mit-Waschbecken-700x400.jpg\" height=\"400\" width=\"700\" alt=\"\" class=\"slider-506 slide-863 msDefaultImage\" title=\"Grosse Turmsuite 08 Bad mit Waschbecken\" \/><\/li>\n                <li style=\"display: none; width: 100%;\" class=\"slide-864 ms-image \" aria-roledescription=\"slide\" data-date=\"2025-11-19 09:53:25\" data-filename=\"Grosse-Turmsuite-09-obere-Toilette-700x400.jpg\" data-slide-type=\"image\"><img loading=\"lazy\" decoding=\"async\" src=\"https:\/\/annasascha-inklusionshotel.de\/wp-content\/uploads\/2025\/11\/Grosse-Turmsuite-09-obere-Toilette-700x400.jpg\" height=\"400\" width=\"700\" alt=\"\" class=\"slider-506 slide-864 msDefaultImage\" title=\"Grosse Turmsuite 09 obere Toilette\" \/><\/li>\n            <\/ul>\n        <\/div>\n        \n    <\/div>\n<\/div><\/div>\n","protected":false},"excerpt":{"rendered":"<p>The 65 m\u00b2 maisonette in the semi-circular tower with 2 bedrooms offers space for up to 6 people. On the lower level there is a spacious kitchen and living area with a kitchenette. There is a fridge, induction hob, sink, kettle and kitchen utensils, as well as a large table with seating, a chest of drawers and a wardrobe. In the separate bedroom with double bed 180 x 200 cm and bedside tables, there is also a desk and a luggage rack. A cot can be added without any problems. The 10 m\u00b2 bathroom has a double washbasin, vanity unit and a walk-in shower. The top of the historic fortified tower can be reached via a staircase. The &#8220;Kaiserstuhl&#8221; is visible here, which ensures the suspension of the tower roof. A 160 x 200 cm double bed with bedside table and a sofa bed (180 x 200 cm) provide sleeping space for up to 4 people. A desk and a luggage rack complete this tower room. There is also a separate small bathroom with WC and washbasin. &nbsp; Special features: The upper tower room is only accessible via the stairs and does not have its own access. There are sloping ceilings here. There is a single pillar in the lower living area. &nbsp; Book Now \u2192 65 m\u00b2 (+10 m\u00b2 bathroom + small bathroom) Double bed 180\u00d7200, double bed 160\u00d7200, sofa bed 180\u00d7200, crib possible Kitchenette (hob, fridge, sink) 10 m\u00b2, flush with the floor, + small bathroom Maisonette in the tower, pitched roof, upper level by stairs only<\/p>\n","protected":false},"author":2,"featured_media":0,"parent":0,"menu_order":0,"comment_status":"closed","ping_status":"closed","template":"","meta":{"footnotes":""},"class_list":["post-914","page","type-page","status-publish","hentry"],"acf":[],"_links":{"self":[{"href":"https:\/\/annasascha-inklusionshotel.de\/en\/wp-json\/wp\/v2\/pages\/914","targetHints":{"allow":["GET"]}}],"collection":[{"href":"https:\/\/annasascha-inklusionshotel.de\/en\/wp-json\/wp\/v2\/pages"}],"about":[{"href":"https:\/\/annasascha-inklusionshotel.de\/en\/wp-json\/wp\/v2\/types\/page"}],"author":[{"embeddable":true,"href":"https:\/\/annasascha-inklusionshotel.de\/en\/wp-json\/wp\/v2\/users\/2"}],"replies":[{"embeddable":true,"href":"https:\/\/annasascha-inklusionshotel.de\/en\/wp-json\/wp\/v2\/comments?post=914"}],"version-history":[{"count":2,"href":"https:\/\/annasascha-inklusionshotel.de\/en\/wp-json\/wp\/v2\/pages\/914\/revisions"}],"predecessor-version":[{"id":916,"href":"https:\/\/annasascha-inklusionshotel.de\/en\/wp-json\/wp\/v2\/pages\/914\/revisions\/916"}],"wp:attachment":[{"href":"https:\/\/annasascha-inklusionshotel.de\/en\/wp-json\/wp\/v2\/media?parent=914"}],"curies":[{"name":"wp","href":"https:\/\/api.w.org\/{rel}","templated":true}]}}